{"id":3643,"date":"2022-03-04T19:08:23","date_gmt":"2022-03-04T19:08:23","guid":{"rendered":"https:\/\/mdrc.lndo.site\/acerca-de-nosotros\/"},"modified":"2022-03-29T19:15:29","modified_gmt":"2022-03-29T19:15:29","slug":"acerca-de-nosotros","status":"publish","type":"page","link":"https:\/\/mymdrc.org\/es\/acerca-de-nosotros\/","title":{"rendered":"Acerca de Nosotros"},"content":{"rendered":"\n\n\t<p>Modelamos nuestra creencia en nuestros valores desde c\u00f3mo hacemos nuestro trabajo hasta qui\u00e9n lidera nuestro trabajo; casi todo nuestro personal y la junta directiva del MDRC, incluyendo los que toman las decisiones, son personas con discapacidades.<\/p>\n<h2>\n\t\tEnlaces R\u00e1pidos\n\t<\/h2>\n\t<a href=\"#vision-strategies\">1. Nuestra Visi\u00f3n y Estrategias<\/a>\n<a href=\"#mdrc-programs\">2. Programas<\/a>\n<a href=\"#mdrc-events\">3. Eventos<\/a>\n<a href=\"#meet-the-team\">4. Conoce el Equipo<\/a>\n\t\t\t\t<img loading=\"lazy\" decoding=\"async\" src=\"https:\/\/mymdrc.org\/wp-content\/uploads\/2021\/10\/BookClub-AboutUs-1.jpg\" alt=\"Cinco personas con piel bronceada y sombreros multicolores sentados en una mesa leyendo libros usando varias herramientas de lectura guiada. Dos personas con anteojos.\" itemprop=\"image\" height=\"751\" width=\"1000\" title=\"BookClub-AboutUs-1\" onerror=\"this.style.display='none'\"  \/>\n<h2>\n\t\tNuestra historia\n\t<\/h2>\n\t<p>La Coalici\u00f3n por los Derechos de los Discapacitados de Michigan es una colaborativa estatal sin fines de lucro de 37 a\u00f1os de personas con discapacidades, incluidas personas con discapacidades intelectuales y del desarrollo (I\/DD), y grupos comprometidos con la construcci\u00f3n de comunidades inclusivas.<\/p>\n<p>Creemos que la inclusi\u00f3n de personas con discapacidades no se puede realizar plenamente sin poner a fin todas formas de violencia como: racismo, xenofobia, clasismo, sexismo, descriminaci\u00f3n por edad, transfobia, heterosexismo y todas las otras formas de opresi\u00f3n.<\/p>\n\t\t\t\t<img loading=\"lazy\" decoding=\"async\" src=\"https:\/\/mymdrc.org\/wp-content\/uploads\/2021\/11\/mobilevisionphoto.png\" alt=\"mobilevisionphoto\" itemprop=\"image\" height=\"380\" width=\"518\" title=\"mobilevisionphoto\" onerror=\"this.style.display='none'\"  \/>\n<h3>\n\t\tNuestra Visi\u00f3n\n\t<\/h3>\n<h4>\n\t\tMDRC visualiza un mundo donde las personas con discapacidades:\n\t<\/h4>\n\t<p>Viven una vida plena dentro de la comunidad con igualdad de derechos, equidad y oportunidades.<\/p>\n<p>Son valoradas como miembros esenciales y vitales de la comunidad.<\/p>\n<p>Pueden ser completamente ellos mismos, en todas sus identidades, en todos los aspectos de sus vidas<\/p>\n<p>Tienen espacio para autodescubrimiento, para cultivar comunidad, y para desarrollar orgullo.<\/p>\n\t<p>Nuestra misi\u00f3n es cultivar orgullo por la discapacidad y fortalecer el movimiento de la discapacidad reconociendo la discapacidad como una parte natural y hermosa de la diversidad humana mientras colaboramos para desmantelar todas formas de opresi\u00f3n.<\/p>\n\t\t\t\t<img loading=\"lazy\" decoding=\"async\" src=\"https:\/\/mymdrc.org\/wp-content\/uploads\/2021\/10\/AboutUs-Compilation.png\" alt=\"persona de piel morena sentada con un abrigo negro y una posici\u00f3n de caminante junto a ellos sonriendo a la c\u00e1mara y Imagen de una persona con piel bronceada y anteojos rojos sentada sosteniendo un ipad sonriendo.\" itemprop=\"image\" height=\"528\" width=\"798\" title=\"AboutUs-Compilation\" onerror=\"this.style.display='none'\"  \/>\n\t\t\t\t<img loading=\"lazy\" decoding=\"async\" src=\"https:\/\/mymdrc.org\/wp-content\/uploads\/2021\/11\/strategiesicon.png\" alt=\"strategiesicon\" itemprop=\"image\" height=\"120\" width=\"120\" title=\"strategiesicon\" onerror=\"this.style.display='none'\"  \/>\n<h3>\n\t\tNuestras Estrategias\n\t<\/h3>\n<h3>\n\t\tNuestras Estrategias\n\t<\/h3>\n<h4>\n\t\tMDRC visualiza un mundo donde las personas con discapacidades:\n\t<\/h4>\n<h4>\n\t\tMDRC visualiza un mundo donde las personas con discapacidades:\n\t<\/h4>\n\t<ol>\n<li>Desarrollan la capacidad econ\u00f3mica y pol\u00edtica de grupos locales para participar eficazmente en las comunidades de elecci\u00f3n y la defensa de problemas.<\/li>\n<li>Crean una infraestructura de tecnolog\u00eda colaborativa estatal para fomentar la comunicaci\u00f3n a largo plazo entre los grupos de discapacitados locales.<\/li>\n<li>Patrocinan eventos y actividades que promueven el intercambio de mejores pr\u00e1cticas, la planificaci\u00f3n colaborativa, y la creaci\u00f3n de consenso en torno a los objetivos de impacto de las pol\u00edticas.<\/li>\n<li>Encuentran y desarrollan recursos econ\u00f3micos y pol\u00edticos, independientemente de las fuentes gubernamentales y de financiamiento existentes, que se puedan asignar de acuerdo a los planes de la comunidad de discapacitados de Michigan, en lugar de las prioridades burocr\u00e1ticas.<\/li>\n<li>Forman un equipo de personal, con un compromiso a largo plazo con la comunidad de discapacitados de Michigan como base de clientes-un equipo capaz de trabajar en cualquier parte del estado, enfoc\u00e1ndose en el futuro incierto y de r\u00e1pida evoluci\u00f3n de las pol\u00edticas de discapacidad, y utilizando tecnolog\u00edas colaborativas para suplementar la creaci\u00f3n de contactos en persona.<\/li>\n<li>Forjan una asociaci\u00f3n entre la junta, el personal y los componentes para el desarrollo estrat\u00e9gico y las prioridades estrat\u00e9gicas.<\/li>\n<\/ol>\n\t<ol>\n<li>Desarrollan la capacidad econ\u00f3mica y pol\u00edtica de grupos locales para participar eficazmente en las comunidades de elecci\u00f3n y la defensa de problemas.<\/li>\n<li>Crean una infraestructura de tecnolog\u00eda colaborativa estatal para fomentar la comunicaci\u00f3n a largo plazo entre los grupos de discapacitados locales.<\/li>\n<li>Patrocinan eventos y actividades que promueven el intercambio de mejores pr\u00e1cticas, la planificaci\u00f3n colaborativa, y la creaci\u00f3n de consenso en torno a los objetivos de impacto de las pol\u00edticas.<\/li>\n<li>Encuentran y desarrollan recursos econ\u00f3micos y pol\u00edticos, independientemente de las fuentes gubernamentales y de financiamiento existentes, que se puedan asignar de acuerdo a los planes de la comunidad de discapacitados de Michigan, en lugar de las prioridades burocr\u00e1ticas.<\/li>\n<li>Forman un equipo de personal, con un compromiso a largo plazo con la comunidad de discapacitados de Michigan como base de clientes-un equipo capaz de trabajar en cualquier parte del estado, enfoc\u00e1ndose en el futuro incierto y de r\u00e1pida evoluci\u00f3n de las pol\u00edticas de discapacidad, y utilizando tecnolog\u00edas colaborativas para suplementar la creaci\u00f3n de contactos en persona.<\/li>\n<li>Forjan una asociaci\u00f3n entre la junta, el personal y los componentes para el desarrollo estrat\u00e9gico y las prioridades estrat\u00e9gicas.<\/li>\n<\/ol>\n<h3>\n\t\tPrograma de Tecnolog\u00eda de Asistencia de Michigan\n\t<\/h3>\n<h2>\n\t\tProgramas de MDRC\n\t<\/h2>\n<h3>\n\t\tPrograma de Tecnolog\u00eda de Asistencia de Michigan\n\t<\/h3>\n<h3>\n\t\tPrograma de Tecnolog\u00eda de Asistencia de Michigan\n\t<\/h3>\n\t<p>El Programa de Tecnolog\u00eda de Asistencia de Michigan (MATP) es un programa para personas con discapacidades, desarrollado por personas con discapacidades<\/p>\n\t\t\t<a href=\"https:\/\/mymdrc.org\/assistive-tech-program\/\" target=\"_self\" role=\"button\" rel=\"noopener\">\n\t\t\t\t\t\t\tAprender m\u00e1s\n\t\t\t\t\t<\/a>\n<h3>\n\t\tPrograma LEAD\n\t<\/h3>\n<h3>\n\t\tPrograma LEAD\n\t<\/h3>\n\t<p>El proyecto LEAD proporciona a las comunidades de color un mayor acceso a la educaci\u00f3n y los recursos sobre la discapacidad en consideraci\u00f3n a la significancia de la opresi\u00f3n institucionalizada y supremac\u00eda blanca en sus desenlaces.<\/p>\n\t\t\t<a href=\"https:\/\/mymdrc.org\/lead-program\/\" target=\"_self\" role=\"button\" rel=\"noopener\">\n\t\t\t\t\t\t\tAprender m\u00e1s\n\t\t\t\t\t<\/a>\n\t\t\t\t<img decoding=\"async\" src=\"https:\/\/mymdrc.org\/wp-content\/uploads\/\/2021\/10\/Events.svg\" alt=\"Esquema de computadora con una pantalla dividida con dos siluetas individuales en p\u00farpura y burbujas que hablan fuera de la pantalla delineadas en verde azulado. Un contorno de engranaje p\u00farpura colocado en el lado izquierdo de la computadora y un contorno de una persona en una burbuja naranja en el lado derecho de la computadora.\" itemprop=\"image\" title=\"Eventos\" onerror=\"this.style.display='none'\"  \/>\n<h3>\n\t\t\u00a1Eche un vistazo a los Eventos de MDRC!\n\t<\/h3>\n\t<p>Descubra m\u00e1s acerca del trabajo de MDRC por medio de revisar nuestros eventos. Todos nuestros eventos gratuitos y de paga se pueden encontrar aqu\u00ed.<\/p>\n\t\t\t<a href=\"https:\/\/www.eventbrite.com\/o\/michigan-disability-rights-coalition-8428569860\" target=\"_self\" role=\"button\" rel=\"noopener\">\n\t\t\t\t\t\t\tVea los Eventos de MDRC\n\t\t\t\t\t<\/a>\n<h2>\n\t\tConozca el Equipo\n\t<\/h2>\n\t<p><strong>Creando Comunidad<\/strong><\/p>\n<p>Nuestro equipo da forma a la organizaci\u00f3n asegur\u00e1ndose de que nuestro trabajo se base en la profundizaci\u00f3n de nuestro compromiso de poner fin a todas las formas de opresi\u00f3n. Desde la Tecnolog\u00eda de Asistencia hasta la Equidad Racial, nuestro equipo tiene un conjunto diverso de intereses que hacen avanzar el orgullo por la discapacidad en todo el estado.<\/p>\n\t\t\t<a href=\"https:\/\/mymdrc.org\/meet-the-staff\/\" target=\"_self\" role=\"button\" rel=\"noopener\">\n\t\t\t\t\t\t\tVisite la Pagina del Equipo de MDRC\n\t\t\t\t\t<\/a>\n\n","protected":false},"excerpt":{"rendered":"<p>Modelamos nuestra creencia en nuestros valores desde c\u00f3mo hacemos nuestro trabajo hasta qui\u00e9n lidera nuestro trabajo; casi todo nuestro personal y la junta directiva del MDRC, incluyendo los que toman las decisiones, son personas con discapacidades. Enlaces R\u00e1pidos 1. Nuestra Visi\u00f3n y Estrategias 2. Programas 3. Eventos 4. Conoce el Equipo Nuestra historia La Coalici\u00f3n&hellip;<\/p>\n","protected":false},"author":1,"featured_media":0,"parent":0,"menu_order":0,"comment_status":"closed","ping_status":"closed","template":"","meta":{"_acf_changed":false,"inline_featured_image":false,"footnotes":""},"class_list":["post-3643","page","type-page","status-publish","hentry"],"acf":[],"featured_image_src":null,"featured_image_src_square":null,"_links":{"self":[{"href":"https:\/\/mymdrc.org\/es\/wp-json\/wp\/v2\/pages\/3643","targetHints":{"allow":["GET"]}}],"collection":[{"href":"https:\/\/mymdrc.org\/es\/wp-json\/wp\/v2\/pages"}],"about":[{"href":"https:\/\/mymdrc.org\/es\/wp-json\/wp\/v2\/types\/page"}],"author":[{"embeddable":true,"href":"https:\/\/mymdrc.org\/es\/wp-json\/wp\/v2\/users\/1"}],"replies":[{"embeddable":true,"href":"https:\/\/mymdrc.org\/es\/wp-json\/wp\/v2\/comments?post=3643"}],"version-history":[{"count":0,"href":"https:\/\/mymdrc.org\/es\/wp-json\/wp\/v2\/pages\/3643\/revisions"}],"wp:attachment":[{"href":"https:\/\/mymdrc.org\/es\/wp-json\/wp\/v2\/media?parent=3643"}],"curies":[{"name":"wp","href":"https:\/\/api.w.org\/{rel}","templated":true}]}}