{"id":3673,"date":"2022-03-17T19:26:46","date_gmt":"2022-03-17T19:26:46","guid":{"rendered":"https:\/\/mdrc.lndo.site\/pongase-en-contacto-con-nosotros\/"},"modified":"2023-06-11T19:39:30","modified_gmt":"2023-06-11T23:39:30","slug":"pongase-en-contacto-con-nosotros","status":"publish","type":"page","link":"https:\/\/mymdrc.org\/es\/pongase-en-contacto-con-nosotros\/","title":{"rendered":"P\u00f3ngase en Contacto con Nosotros"},"content":{"rendered":"\r\n<p>If you are interested in learning more about our organization, receiving training, AT demonstrations or media inquiries please utilize the contact form.<\/p>\r\n<p><div class=\"frm_forms  with_frm_style frm_style_formidable-style\" id=\"frm_form_1_container\" >\n<form enctype=\"multipart\/form-data\" method=\"post\" class=\"frm-show-form resources-contact-form frm_ajax_submit  frm_pro_form \" id=\"form_contact-form\" >\n<div class=\"frm_form_fields \">\n<fieldset>\n<legend class=\"frm_screen_reader\">P\u00f3ngase en Contacto con Nosotros<\/legend>\r\n\r\n<div class=\"frm_fields_container\">\n<input type=\"hidden\" name=\"frm_action\" value=\"create\" \/>\n<input type=\"hidden\" name=\"form_id\" value=\"1\" \/>\n<input type=\"hidden\" name=\"frm_hide_fields_1\" id=\"frm_hide_fields_1\" value=\"\" \/>\n<input type=\"hidden\" name=\"form_key\" value=\"contact-form\" \/>\n<input type=\"hidden\" name=\"item_meta[0]\" value=\"\" \/>\n<input type=\"hidden\" id=\"frm_submit_entry_1\" name=\"frm_submit_entry_1\" value=\"5900764648\" \/><input type=\"hidden\" name=\"_wp_http_referer\" value=\"\/es\/wp-json\/wp\/v2\/pages\/3673\" \/><div id=\"frm_field_1_container\" class=\"name-field frm_form_field form-field  frm_required_field frm_top_container frm_first frm_half\">\r\n    <label for=\"field_qh4icy\" id=\"field_qh4icy_label\" class=\"frm_primary_label\">Primer nombre\r\n        <span class=\"frm_required\" aria-hidden=\"true\">*<\/span>\r\n    <\/label>\r\n    <input  type=\"text\" id=\"field_qh4icy\" name=\"item_meta[1]\" value=\"\"  data-reqmsg=\"Este campo no puede estar vac\u00edo.\" aria-required=\"true\" data-invmsg=\"Name is invalid\" aria-invalid=\"false\"   \/>\r\n    \r\n    \r\n<\/div>\n<div id=\"frm_field_2_container\" class=\"frm_form_field form-field  frm_required_field frm_top_container frm_half\">\r\n    <label for=\"field_ocfup1\" id=\"field_ocfup1_label\" class=\"name-field frm_primary_label\">Apellido\r\n        <span class=\"frm_required\" aria-hidden=\"true\">*<\/span>\r\n    <\/label>\r\n    <input  type=\"text\" id=\"field_ocfup1\" name=\"item_meta[2]\" value=\"\"  data-reqmsg=\"Este campo no puede estar vac\u00edo.\" aria-required=\"true\" data-invmsg=\"Last is invalid\" aria-invalid=\"false\"   \/>\r\n    \r\n    \r\n<\/div>\n<div id=\"frm_field_3_container\" class=\"email-field frm_form_field form-field  frm_required_field frm_top_container frm6 frm_first\">\r\n    <label for=\"field_29yf4d\" id=\"field_29yf4d_label\" class=\"frm_primary_label\">Direcci\u00f3n de correo electr\u00f3nico\r\n        <span class=\"frm_required\" aria-hidden=\"true\">*<\/span>\r\n    <\/label>\r\n    <input type=\"email\" id=\"field_29yf4d\" name=\"item_meta[3]\" value=\"\"  data-reqmsg=\"Este campo no puede estar vac\u00edo.\" aria-required=\"true\" data-invmsg=\"Por favor, introduce una direcci\u00f3n de correo electr\u00f3nico v\u00e1lida\" aria-invalid=\"false\"  \/>\r\n    \r\n    \r\n<\/div>\n<div id=\"frm_field_7_container\" class=\"phone-field frm_form_field form-field  frm_top_container frm6\">\r\n    <label for=\"field_mvk8\" id=\"field_mvk8_label\" class=\"frm_primary_label\">N\u00famero de tel\u00e9fono\r\n        <span class=\"frm_required\" aria-hidden=\"true\"><\/span>\r\n    <\/label>\r\n    <input type=\"tel\" id=\"field_mvk8\" name=\"item_meta[7]\" value=\"\"  data-invmsg=\"El tel\u00e9fono no es v\u00e1lido\" aria-invalid=\"false\" pattern=\"((\\+\\d{1,3}(-|.| )?\\(?\\d\\)?(-| |.)?\\d{1,5})|(\\(?\\d{2,6}\\)?))(-|.| )?(\\d{3,4})(-|.| )?(\\d{4})(( x| ext)\\d{1,5}){0,1}$\"  \/>\r\n    \r\n    \r\n<\/div>\n<div id=\"frm_field_8_container\" class=\"checkboxes-field frm_form_field form-field  frm_required_field frm_top_container vertical_radio\">\r\n    <div  id=\"field_9wqao_label\" class=\"frm_primary_label\">Interesado en\r\n        <span class=\"frm_required\" aria-hidden=\"true\">*<\/span>\r\n    <\/div>\r\n    <div class=\"frm_opt_container\" aria-labelledby=\"field_9wqao_label\" role=\"group\">\t\t<div class=\"frm_checkbox\" id=\"frm_checkbox_8-0\">\t\t\t<label  for=\"field_9wqao-0\">\n\t\t\t<input type=\"checkbox\" name=\"item_meta[8][]\" id=\"field_9wqao-0\" value=\"Assistive Technology\"  data-reqmsg=\"Este campo no puede estar vac\u00edo.\" data-invmsg=\"Interesado en no es v\u00e1lido\"   aria-required=\"true\"  \/> Tecnolog\u00eda de asistencia<\/label><\/div>\n\t\t<div class=\"frm_checkbox\" id=\"frm_checkbox_8-1\">\t\t\t<label  for=\"field_9wqao-1\">\n\t\t\t<input type=\"checkbox\" name=\"item_meta[8][]\" id=\"field_9wqao-1\" value=\"General Information\"  data-reqmsg=\"Este campo no puede estar vac\u00edo.\" data-invmsg=\"Interesado en no es v\u00e1lido\"   \/> Informaci\u00f3n general<\/label><\/div>\n\t\t<div class=\"frm_checkbox\" id=\"frm_checkbox_8-2\">\t\t\t<label  for=\"field_9wqao-2\">\n\t\t\t<input type=\"checkbox\" name=\"item_meta[8][]\" id=\"field_9wqao-2\" value=\"Programming\"  data-reqmsg=\"Este campo no puede estar vac\u00edo.\" data-invmsg=\"Interesado en no es v\u00e1lido\"   \/> Programaci\u00f3n<\/label><\/div>\n\t\t<div class=\"frm_checkbox\" id=\"frm_checkbox_8-3\">\t\t\t<label  for=\"field_9wqao-3\">\n\t\t\t<input type=\"checkbox\" name=\"item_meta[8][]\" id=\"field_9wqao-3\" value=\"Media Inquiry\"  data-reqmsg=\"Este campo no puede estar vac\u00edo.\" data-invmsg=\"Interesado en no es v\u00e1lido\"   \/> Consulta de medios<\/label><\/div>\n\t\t<div class=\"frm_checkbox\" id=\"frm_checkbox_8-4\">\t\t\t<label  for=\"field_9wqao-4\">\n\t\t\t<input type=\"checkbox\" name=\"item_meta[8][]\" id=\"field_9wqao-4\" value=\"Other\"  data-reqmsg=\"Este campo no puede estar vac\u00edo.\" data-invmsg=\"Interesado en no es v\u00e1lido\"   \/> Otro<\/label><\/div>\n<\/div>\r\n    \r\n    \r\n<\/div>\n<div id=\"frm_field_5_container\" class=\"message-field frm_form_field form-field  frm_required_field frm_top_container frm_full\">\r\n    <label for=\"field_9jv0r1\" id=\"field_9jv0r1_label\" class=\"frm_primary_label\">Enviar un mensaje\r\n        <span class=\"frm_required\" aria-hidden=\"true\">*<\/span>\r\n    <\/label>\r\n    <textarea name=\"item_meta[5]\" id=\"field_9jv0r1\" rows=\"5\"  data-reqmsg=\"Este campo no puede estar vac\u00edo.\" aria-required=\"true\" data-invmsg=\"Enviar un mensaje no es v\u00e1lido\" aria-invalid=\"false\"  ><\/textarea>\r\n    \r\n    \r\n<\/div>\n<div id=\"frm_field_10_container\" class=\"frm_form_field form-field  frm_none_container\">\r\n    <label for=\"g-recaptcha-response\" id=\"field_6dd8u_label\" class=\"frm_primary_label\">reCAPTCHA\r\n        <span class=\"frm_required\" aria-hidden=\"true\"><\/span>\r\n    <\/label>\r\n    <div  id=\"field_6dd8u\" class=\"frm-g-recaptcha\" data-sitekey=\"6Ledi0ogAAAAAIYZ8xAs5FSRkAz3_kz5SyunMpA0\" data-size=\"invisible\" data-theme=\"light\"><\/div>\r\n    \r\n    \r\n<\/div>\n<div id=\"frm_field_32_container\" class=\"frm_form_field form-field \">\n\t<div class=\"frm_submit\">\r\n\r\n<button id=\"form-submit-button\" onclick=\"revealSuccess()\" class=\"primary-button frm_button_submit frm_final_submit\" type=\"submit\"   formnovalidate=\"formnovalidate\">Submit<\/button>\r\n\r\n<\/div>\n<\/div>\n\t<input type=\"hidden\" name=\"item_key\" value=\"\" \/>\n\t\t\t<div id=\"frm_field_34_container\">\n\t\t\t<label for=\"field_x5o5n\" >\n\t\t\t\tSi eres humano, deja este campo en blanco.\t\t\t<\/label>\n\t\t\t<input  id=\"field_x5o5n\" type=\"text\" class=\"frm_form_field form-field frm_verify\" name=\"item_meta[34]\" value=\"\"  \/>\n\t\t<\/div>\n\t\t<input name=\"frm_state\" type=\"hidden\" value=\"x2tMpLp5ndfolR14cJuFly5ETlTYRcCf7zsmi7FX\/XxTsqY++z2wK3Gbh942QEhi\" \/><script type=\"text\/javascript\">\r\nfunction revealSuccess() {\r\n  document.getElementById('form-sub').style.cssText = 'opacity: 1';\r\n} \r\n<\/script><\/div>\n<\/fieldset>\n<\/div>\n\n<p style=\"display: none !important;\" class=\"akismet-fields-container\" data-prefix=\"ak_\"><label>&#916;<textarea name=\"ak_hp_textarea\" cols=\"45\" rows=\"8\" maxlength=\"100\"><\/textarea><\/label><input type=\"hidden\" id=\"ak_js_1\" name=\"ak_js\" value=\"94\"\/><script>document.getElementById( \"ak_js_1\" ).setAttribute( \"value\", ( new Date() ).getTime() );<\/script><\/p><\/form>\n<\/div>\n <img decoding=\"async\" src=\"https:\/\/mymdrc.org\/wp-content\/uploads\/2021\/11\/shortreply_icon.png\" width=\"18px\" height=\"16px\" \/> We will reply to you shortly!<\/p>\r\n","protected":false},"excerpt":{"rendered":"<p>If you are interested in learning more about our organization, receiving training, AT demonstrations or media inquiries please utilize the contact form. We will reply to you shortly!<\/p>\n","protected":false},"author":1,"featured_media":0,"parent":0,"menu_order":0,"comment_status":"closed","ping_status":"closed","template":"","meta":{"_acf_changed":false,"inline_featured_image":false,"footnotes":""},"class_list":["post-3673","page","type-page","status-publish","hentry"],"acf":[],"featured_image_src":null,"featured_image_src_square":null,"_links":{"self":[{"href":"https:\/\/mymdrc.org\/es\/wp-json\/wp\/v2\/pages\/3673","targetHints":{"allow":["GET"]}}],"collection":[{"href":"https:\/\/mymdrc.org\/es\/wp-json\/wp\/v2\/pages"}],"about":[{"href":"https:\/\/mymdrc.org\/es\/wp-json\/wp\/v2\/types\/page"}],"author":[{"embeddable":true,"href":"https:\/\/mymdrc.org\/es\/wp-json\/wp\/v2\/users\/1"}],"replies":[{"embeddable":true,"href":"https:\/\/mymdrc.org\/es\/wp-json\/wp\/v2\/comments?post=3673"}],"version-history":[{"count":0,"href":"https:\/\/mymdrc.org\/es\/wp-json\/wp\/v2\/pages\/3673\/revisions"}],"wp:attachment":[{"href":"https:\/\/mymdrc.org\/es\/wp-json\/wp\/v2\/media?parent=3673"}],"curies":[{"name":"wp","href":"https:\/\/api.w.org\/{rel}","templated":true}]}}