{"id":3674,"date":"2022-03-17T19:29:58","date_gmt":"2022-03-17T19:29:58","guid":{"rendered":"https:\/\/mdrc.lndo.site\/recursos\/"},"modified":"2022-03-28T18:09:50","modified_gmt":"2022-03-28T18:09:50","slug":"recursos","status":"publish","type":"page","link":"https:\/\/mymdrc.org\/es\/recursos\/","title":{"rendered":"Recursos"},"content":{"rendered":"\n\n\t<a href=\"\/blog\">1. MDRC Blog<\/a>\n<a href=\"\/resource-library\">2. Resource Library<\/a>\n<a href=\"\/contact-us\">3. Request Services<\/a>\n<h2>\n\t\tAvailable Resources\n\t<\/h2>\n\t\t\t\t<img loading=\"lazy\" decoding=\"async\" src=\"https:\/\/mymdrc.org\/wp-content\/uploads\/2021\/10\/Blog-PplCooking.jpg\" alt=\"An image of two people cooking in the kitchen.\" itemprop=\"image\" height=\"668\" width=\"1000\" title=\"Blog-PplCooking\" onerror=\"this.style.display='none'\"  \/>\n<h3>\n\t\tThe MDRC Blog\n\t<\/h3>\n\t<p>Stay connected to the latest conversations in assistive technology, disability justice and disability pride by checking out our blog.<\/p>\n\t\t\t<a href=\"https:\/\/mymdrc.org\/blog\/\" target=\"_self\" role=\"button\" rel=\"noopener\">\n\t\t\t\t\t\t\tVisit MDRC Blog\n\t\t\t\t\t<\/a>\n\t\t\t\t<img loading=\"lazy\" decoding=\"async\" src=\"https:\/\/mymdrc.org\/wp-content\/uploads\/2021\/10\/Vaccine.jpg\" alt=\"healthcare worker wearing a mask placing a bandaid on another person wearing a mask and a black striped shirt while sitting on a hospital bed\" itemprop=\"image\" height=\"668\" width=\"1000\" title=\"Vaccine\" onerror=\"this.style.display='none'\"  \/>\n<h3>\n\t\tResource Library\n\t<\/h3>\n\t<p>MDRC has curated a library of free resources developed by staff and collected from other organizations that we use to inform our work.<\/p>\n\t\t\t<a href=\"https:\/\/mymdrc.org\/resource-library\/\" target=\"_self\" role=\"button\" rel=\"noopener\">\n\t\t\t\t\t\t\tView Resources\n\t\t\t\t\t<\/a>\n\t\t\t\t<img loading=\"lazy\" decoding=\"async\" src=\"https:\/\/mymdrc.org\/wp-content\/uploads\/2021\/10\/RequestDemo-PplDog.jpg\" alt=\"Image of Two people and a dog. The people are smiling while the dog is reaching for a treat.\" itemprop=\"image\" height=\"668\" width=\"1000\" title=\"RequestDemo-Ppl+Dog\" onerror=\"this.style.display='none'\"  \/>\n<h3>\n\t\tContact Us\n\t<\/h3>\n\t<p>If you are interested in learning more about \u2028our organization, receiving training, AT demonstrations or media inquiries please \u2028utilize the contact form.<\/p>\n\t\t\t<a href=\"https:\/\/mymdrc.org\/contact-us\/\" target=\"_self\" role=\"button\" rel=\"noopener\">\n\t\t\t\t\t\t\tContact Us\n\t\t\t\t\t<\/a>\n<h3>\n\t\tContact Us\n\t<\/h3>\n\t<p>Please fill out the form below or email, <a href=\"mailto:info@mymdrc.org\">info@mymdrc.org<\/a><\/p>\n\t<div class=\"frm_forms  with_frm_style frm_style_formidable-style\" id=\"frm_form_1_container\" >\n<form enctype=\"multipart\/form-data\" method=\"post\" class=\"frm-show-form resources-contact-form frm_ajax_submit  frm_pro_form \" id=\"form_contact-form\" >\n<div class=\"frm_form_fields \">\n<fieldset>\n<legend class=\"frm_screen_reader\">P\u00f3ngase en Contacto con Nosotros<\/legend>\r\n\r\n<div class=\"frm_fields_container\">\n<input type=\"hidden\" name=\"frm_action\" value=\"create\" \/>\n<input type=\"hidden\" name=\"form_id\" value=\"1\" \/>\n<input type=\"hidden\" name=\"frm_hide_fields_1\" id=\"frm_hide_fields_1\" value=\"\" \/>\n<input type=\"hidden\" name=\"form_key\" value=\"contact-form\" \/>\n<input type=\"hidden\" name=\"item_meta[0]\" value=\"\" \/>\n<input type=\"hidden\" id=\"frm_submit_entry_1\" name=\"frm_submit_entry_1\" value=\"2752e35283\" \/><input type=\"hidden\" name=\"_wp_http_referer\" value=\"\/es\/wp-json\/wp\/v2\/pages\/3674\" \/><div id=\"frm_field_1_container\" class=\"name-field frm_form_field form-field  frm_required_field frm_top_container frm_first frm_half\">\r\n    <label for=\"field_qh4icy\" id=\"field_qh4icy_label\" class=\"frm_primary_label\">Primer nombre\r\n        <span class=\"frm_required\" aria-hidden=\"true\">*<\/span>\r\n    <\/label>\r\n    <input  type=\"text\" id=\"field_qh4icy\" name=\"item_meta[1]\" value=\"\"  data-reqmsg=\"Este campo no puede estar vac\u00edo.\" aria-required=\"true\" data-invmsg=\"Name is invalid\" aria-invalid=\"false\"   \/>\r\n    \r\n    \r\n<\/div>\n<div id=\"frm_field_2_container\" class=\"frm_form_field form-field  frm_required_field frm_top_container frm_half\">\r\n    <label for=\"field_ocfup1\" id=\"field_ocfup1_label\" class=\"name-field frm_primary_label\">Apellido\r\n        <span class=\"frm_required\" aria-hidden=\"true\">*<\/span>\r\n    <\/label>\r\n    <input  type=\"text\" id=\"field_ocfup1\" name=\"item_meta[2]\" value=\"\"  data-reqmsg=\"Este campo no puede estar vac\u00edo.\" aria-required=\"true\" data-invmsg=\"Last is invalid\" aria-invalid=\"false\"   \/>\r\n    \r\n    \r\n<\/div>\n<div id=\"frm_field_3_container\" class=\"email-field frm_form_field form-field  frm_required_field frm_top_container frm6 frm_first\">\r\n    <label for=\"field_29yf4d\" id=\"field_29yf4d_label\" class=\"frm_primary_label\">Direcci\u00f3n de correo electr\u00f3nico\r\n        <span class=\"frm_required\" aria-hidden=\"true\">*<\/span>\r\n    <\/label>\r\n    <input type=\"email\" id=\"field_29yf4d\" name=\"item_meta[3]\" value=\"\"  data-reqmsg=\"Este campo no puede estar vac\u00edo.\" aria-required=\"true\" data-invmsg=\"Por favor, introduce una direcci\u00f3n de correo electr\u00f3nico v\u00e1lida\" aria-invalid=\"false\"  \/>\r\n    \r\n    \r\n<\/div>\n<div id=\"frm_field_7_container\" class=\"phone-field frm_form_field form-field  frm_top_container frm6\">\r\n    <label for=\"field_mvk8\" id=\"field_mvk8_label\" class=\"frm_primary_label\">N\u00famero de tel\u00e9fono\r\n        <span class=\"frm_required\" aria-hidden=\"true\"><\/span>\r\n    <\/label>\r\n    <input type=\"tel\" id=\"field_mvk8\" name=\"item_meta[7]\" value=\"\"  data-invmsg=\"El tel\u00e9fono no es v\u00e1lido\" aria-invalid=\"false\" pattern=\"((\\+\\d{1,3}(-|.| )?\\(?\\d\\)?(-| |.)?\\d{1,5})|(\\(?\\d{2,6}\\)?))(-|.| )?(\\d{3,4})(-|.| )?(\\d{4})(( x| ext)\\d{1,5}){0,1}$\"  \/>\r\n    \r\n    \r\n<\/div>\n<div id=\"frm_field_8_container\" class=\"checkboxes-field frm_form_field form-field  frm_required_field frm_top_container vertical_radio\">\r\n    <div  id=\"field_9wqao_label\" class=\"frm_primary_label\">Interesado en\r\n        <span class=\"frm_required\" aria-hidden=\"true\">*<\/span>\r\n    <\/div>\r\n    <div class=\"frm_opt_container\" aria-labelledby=\"field_9wqao_label\" role=\"group\">\t\t<div class=\"frm_checkbox\" id=\"frm_checkbox_8-0\">\t\t\t<label  for=\"field_9wqao-0\">\n\t\t\t<input type=\"checkbox\" name=\"item_meta[8][]\" id=\"field_9wqao-0\" value=\"Assistive Technology\"  data-reqmsg=\"Este campo no puede estar vac\u00edo.\" data-invmsg=\"Interesado en no es v\u00e1lido\"   aria-required=\"true\"  \/> Tecnolog\u00eda de asistencia<\/label><\/div>\n\t\t<div class=\"frm_checkbox\" id=\"frm_checkbox_8-1\">\t\t\t<label  for=\"field_9wqao-1\">\n\t\t\t<input type=\"checkbox\" name=\"item_meta[8][]\" id=\"field_9wqao-1\" value=\"General Information\"  data-reqmsg=\"Este campo no puede estar vac\u00edo.\" data-invmsg=\"Interesado en no es v\u00e1lido\"   \/> Informaci\u00f3n general<\/label><\/div>\n\t\t<div class=\"frm_checkbox\" id=\"frm_checkbox_8-2\">\t\t\t<label  for=\"field_9wqao-2\">\n\t\t\t<input type=\"checkbox\" name=\"item_meta[8][]\" id=\"field_9wqao-2\" value=\"Programming\"  data-reqmsg=\"Este campo no puede estar vac\u00edo.\" data-invmsg=\"Interesado en no es v\u00e1lido\"   \/> Programaci\u00f3n<\/label><\/div>\n\t\t<div class=\"frm_checkbox\" id=\"frm_checkbox_8-3\">\t\t\t<label  for=\"field_9wqao-3\">\n\t\t\t<input type=\"checkbox\" name=\"item_meta[8][]\" id=\"field_9wqao-3\" value=\"Media Inquiry\"  data-reqmsg=\"Este campo no puede estar vac\u00edo.\" data-invmsg=\"Interesado en no es v\u00e1lido\"   \/> Consulta de medios<\/label><\/div>\n\t\t<div class=\"frm_checkbox\" id=\"frm_checkbox_8-4\">\t\t\t<label  for=\"field_9wqao-4\">\n\t\t\t<input type=\"checkbox\" name=\"item_meta[8][]\" id=\"field_9wqao-4\" value=\"Other\"  data-reqmsg=\"Este campo no puede estar vac\u00edo.\" data-invmsg=\"Interesado en no es v\u00e1lido\"   \/> Otro<\/label><\/div>\n<\/div>\r\n    \r\n    \r\n<\/div>\n<div id=\"frm_field_5_container\" class=\"message-field frm_form_field form-field  frm_required_field frm_top_container frm_full\">\r\n    <label for=\"field_9jv0r1\" id=\"field_9jv0r1_label\" class=\"frm_primary_label\">Enviar un mensaje\r\n        <span class=\"frm_required\" aria-hidden=\"true\">*<\/span>\r\n    <\/label>\r\n    <textarea name=\"item_meta[5]\" id=\"field_9jv0r1\" rows=\"5\"  data-reqmsg=\"Este campo no puede estar vac\u00edo.\" aria-required=\"true\" data-invmsg=\"Enviar un mensaje no es v\u00e1lido\" aria-invalid=\"false\"  ><\/textarea>\r\n    \r\n    \r\n<\/div>\n<div id=\"frm_field_10_container\" class=\"frm_form_field form-field  frm_none_container\">\r\n    <label for=\"g-recaptcha-response\" id=\"field_6dd8u_label\" class=\"frm_primary_label\">reCAPTCHA\r\n        <span class=\"frm_required\" aria-hidden=\"true\"><\/span>\r\n    <\/label>\r\n    <div  id=\"field_6dd8u\" class=\"frm-g-recaptcha\" data-sitekey=\"6Ledi0ogAAAAAIYZ8xAs5FSRkAz3_kz5SyunMpA0\" data-size=\"invisible\" data-theme=\"light\"><\/div>\r\n    \r\n    \r\n<\/div>\n<div id=\"frm_field_32_container\" class=\"frm_form_field form-field \">\n\t<div class=\"frm_submit\">\r\n\r\n<button id=\"form-submit-button\" onclick=\"revealSuccess()\" class=\"primary-button frm_button_submit frm_final_submit\" type=\"submit\"   formnovalidate=\"formnovalidate\">Submit<\/button>\r\n\r\n<\/div>\n<\/div>\n\t<input type=\"hidden\" name=\"item_key\" value=\"\" \/>\n\t\t\t<div id=\"frm_field_34_container\">\n\t\t\t<label for=\"field_dth4i\" >\n\t\t\t\tSi eres humano, deja este campo en blanco.\t\t\t<\/label>\n\t\t\t<input  id=\"field_dth4i\" type=\"text\" class=\"frm_form_field form-field frm_verify\" name=\"item_meta[34]\" value=\"\"  \/>\n\t\t<\/div>\n\t\t<input name=\"frm_state\" type=\"hidden\" value=\"x2tMpLp5ndfolR14cJuFl7NwRM7DF7Uorkk0a4c9Fm1TsqY++z2wK3Gbh942QEhi\" \/><script type=\"text\/javascript\">\r\nfunction revealSuccess() {\r\n  document.getElementById('form-sub').style.cssText = 'opacity: 1';\r\n} \r\n<\/script><\/div>\n<\/fieldset>\n<\/div>\n\n<p style=\"display: none !important;\" class=\"akismet-fields-container\" data-prefix=\"ak_\"><label>&#916;<textarea name=\"ak_hp_textarea\" cols=\"45\" rows=\"8\" maxlength=\"100\"><\/textarea><\/label><input type=\"hidden\" id=\"ak_js_1\" name=\"ak_js\" value=\"116\"\/><script>document.getElementById( \"ak_js_1\" ).setAttribute( \"value\", ( new Date() ).getTime() );<\/script><\/p><\/form>\n<\/div>\n\n\t<img decoding=\"async\" src=\"https:\/\/mymdrc.org\/wp-content\/uploads\/2021\/11\/shortreply_icon.png\" width=\"18px\" height=\"16px\" alt=\"checkmark success icon\"\/>We will reply to you shortly!\n<h3>\n\t\tConnect With Us\n\t<\/h3>\n\t<a href=\"https:\/\/www.facebook.com\/mymdrc\" target=\"_blank\" rel=\"noopener\">\n    <img decoding=\"async\" src=\"https:\/\/mymdrc.org\/wp-content\/uploads\/2021\/11\/f_logo_RGB-Blue_1024-Copy.png\" width=\"50px\" height=\"50px\" alt=\"facebook icon\"\/>\n<p>Facebook<\/p>\n<\/a>\n<a href=\"https:\/\/twitter.com\/mymdrc\" target=\"_blank\" rel=\"noopener\">\n    <img decoding=\"async\" src=\"https:\/\/mymdrc.org\/wp-content\/uploads\/2021\/11\/Twitter-social-icons-circle-blue-Copy.png\" width=\"50px\" height=\"50px\" alt=\"Twitter icon\"\/>\n<p>Twitter<\/p>\n<\/a>\n<a href=\"https:\/\/www.youtube.com\/user\/MIDISRIGHTS\" target=\"_blank\" rel=\"noopener\">\n    <img decoding=\"async\" src=\"https:\/\/mymdrc.org\/wp-content\/uploads\/2021\/11\/Group-3-Copy.png\" width=\"65px\" height=\"50px\" alt=\"YouTube icon\"\/>\n<p>YouTube<\/p>\n<\/a>\n<a href=\"https:\/\/vm.tiktok.com\/ZMdvdCFRf\/\" target=\"_blank\" rel=\"noopener\">\n    <img decoding=\"async\" src=\"https:\/\/mymdrc.org\/wp-content\/uploads\/2021\/11\/tik-tok-copy.png\" width=\"43px\" height=\"50px\" alt=\"TikTok icon\"\/>\n<p>TikTok<\/p>\n<\/a>\n<a href=\"https:\/\/www.instagram.com\/my_mdrc\/\" target=\"_blank\" rel=\"noopener\">\n    <img decoding=\"async\" src=\"https:\/\/mymdrc.org\/wp-content\/uploads\/2021\/11\/glyph-logo_May2016-Copy.png\" width=\"50px\" height=\"50px\" alt=\"Instagram icon\"\/>\n<p>Instagram<\/p>\n<\/a>\n<h3>\n\t\tSubscribe to our Email List\n\t<\/h3>\n\t<div class=\"frm_forms  with_frm_style frm_style_formidable-style\" id=\"frm_form_2_container\" data-token=\"591a673f8c1c34528bf2e02406572437\">\n<form enctype=\"multipart\/form-data\" method=\"post\" class=\"frm-show-form  frm_pro_form \" id=\"form_emailsign-up\" data-token=\"591a673f8c1c34528bf2e02406572437\">\n<div class=\"frm_form_fields \">\n<fieldset>\n<legend class=\"frm_screen_reader\">Registro de correo electr\u00f3nico<\/legend>\r\n\r\n<div class=\"frm_fields_container\">\n<input type=\"hidden\" name=\"frm_action\" value=\"create\" \/>\n<input type=\"hidden\" name=\"form_id\" value=\"2\" \/>\n<input type=\"hidden\" name=\"frm_hide_fields_2\" id=\"frm_hide_fields_2\" value=\"\" \/>\n<input type=\"hidden\" name=\"form_key\" value=\"emailsign-up\" \/>\n<input type=\"hidden\" name=\"item_meta[0]\" value=\"\" \/>\n<input type=\"hidden\" id=\"frm_submit_entry_2\" name=\"frm_submit_entry_2\" value=\"2752e35283\" \/><input type=\"hidden\" name=\"_wp_http_referer\" value=\"\/es\/wp-json\/wp\/v2\/pages\/3674\" \/><div id=\"frm_field_6_container\" class=\"frm_form_field form-field  frm_none_container\">\r\n    <label for=\"field_ljfwk\" id=\"field_ljfwk_label\" class=\"frm_primary_label\">Direcci\u00f3n de Correo Electr\u00f3nico\r\n        <span class=\"frm_required\" aria-hidden=\"true\"><\/span>\r\n    <\/label>\r\n    <input type=\"email\" id=\"field_ljfwk\" name=\"item_meta[6]\" value=\"\"  placeholder=\"Direcci\u00f3n de correo electr\u00f3nico\" data-invmsg=\"Email is invalid\" aria-invalid=\"false\"  \/>\r\n    \r\n    \r\n<\/div>\n<div id=\"frm_field_33_container\" class=\"frm_form_field form-field \">\n\t<div class=\"frm_submit\">\r\n\r\n<button class=\"frm_button_submit frm_final_submit primary-button\" type=\"submit\"   formnovalidate=\"formnovalidate\">Subscribe<\/button>\r\n\r\n<\/div>\n<\/div>\n\t<input type=\"hidden\" name=\"item_key\" value=\"\" \/>\n\t\t\t<div id=\"frm_field_35_container\">\n\t\t\t<label for=\"field_au7m6\" >\n\t\t\t\tSi eres humano, deja este campo en blanco.\t\t\t<\/label>\n\t\t\t<input  id=\"field_au7m6\" type=\"text\" class=\"frm_form_field form-field frm_verify\" name=\"item_meta[35]\" value=\"\"  \/>\n\t\t<\/div>\n\t\t<input name=\"frm_state\" type=\"hidden\" value=\"x2tMpLp5ndfolR14cJuFl7NwRM7DF7Uorkk0a4c9Fm3qvewy4t25JANgUUMysJyN\" \/><\/div>\n<\/fieldset>\n<\/div>\n\n<p style=\"display: none !important;\" class=\"akismet-fields-container\" data-prefix=\"ak_\"><label>&#916;<textarea name=\"ak_hp_textarea\" cols=\"45\" rows=\"8\" maxlength=\"100\"><\/textarea><\/label><input type=\"hidden\" id=\"ak_js_2\" name=\"ak_js\" value=\"158\"\/><script>document.getElementById( \"ak_js_2\" ).setAttribute( \"value\", ( new Date() ).getTime() );<\/script><\/p><\/form>\n<\/div>\n\n\n","protected":false},"excerpt":{"rendered":"<p>1. MDRC Blog 2. Resource Library 3. Request Services Available Resources The MDRC Blog Stay connected to the latest conversations in assistive technology, disability justice and disability pride by checking out our blog. Visit MDRC Blog Resource Library MDRC has curated a library of free resources developed by staff and collected from other organizations that&hellip;<\/p>\n","protected":false},"author":1,"featured_media":0,"parent":0,"menu_order":0,"comment_status":"closed","ping_status":"closed","template":"","meta":{"_acf_changed":false,"inline_featured_image":false,"footnotes":""},"class_list":["post-3674","page","type-page","status-publish","hentry"],"acf":[],"featured_image_src":null,"featured_image_src_square":null,"_links":{"self":[{"href":"https:\/\/mymdrc.org\/es\/wp-json\/wp\/v2\/pages\/3674","targetHints":{"allow":["GET"]}}],"collection":[{"href":"https:\/\/mymdrc.org\/es\/wp-json\/wp\/v2\/pages"}],"about":[{"href":"https:\/\/mymdrc.org\/es\/wp-json\/wp\/v2\/types\/page"}],"author":[{"embeddable":true,"href":"https:\/\/mymdrc.org\/es\/wp-json\/wp\/v2\/users\/1"}],"replies":[{"embeddable":true,"href":"https:\/\/mymdrc.org\/es\/wp-json\/wp\/v2\/comments?post=3674"}],"version-history":[{"count":0,"href":"https:\/\/mymdrc.org\/es\/wp-json\/wp\/v2\/pages\/3674\/revisions"}],"wp:attachment":[{"href":"https:\/\/mymdrc.org\/es\/wp-json\/wp\/v2\/media?parent=3674"}],"curies":[{"name":"wp","href":"https:\/\/api.w.org\/{rel}","templated":true}]}}