{"id":3676,"date":"2022-03-17T19:34:40","date_gmt":"2022-03-17T19:34:40","guid":{"rendered":"https:\/\/mdrc.lndo.site\/blog\/"},"modified":"2022-04-27T08:39:55","modified_gmt":"2022-04-27T12:39:55","slug":"blog","status":"publish","type":"page","link":"https:\/\/mymdrc.org\/es\/blog\/","title":{"rendered":"Blog"},"content":{"rendered":"\n<h2>\n\t\tPublicaciones de blog\n\t<\/h2>\n<h4>Filtrar publicaciones:<\/h4>\n<h4>Ordenar por:<\/h4>\n\t<button id=\"sort-refresh-button\" onclick=\"FWP.reset()\">Restablecer filtros <\/button>\n<h3>\n\t\t\u00faltimas publicaciones\n\t<\/h3>\n<h3>\n\t\tCon\u00e9ctase Con Nosotros\n\t<\/h3>\n\t<a href=\"https:\/\/www.facebook.com\/mymdrc\" target=\"_blank\" rel=\"noopener\">\n    <img decoding=\"async\" src=\"https:\/\/mymdrc.org\/wp-content\/uploads\/2021\/11\/f_logo_RGB-Blue_1024-Copy.png\" width=\"50px\" height=\"50px\" alt=\"facebook icon\"\/>\n<p>Facebook<\/p>\n<\/a>\n<a href=\"https:\/\/twitter.com\/mymdrc\" target=\"_blank\" rel=\"noopener\">\n    <img decoding=\"async\" src=\"https:\/\/mymdrc.org\/wp-content\/uploads\/2021\/11\/Twitter-social-icons-circle-blue-Copy.png\" width=\"50px\" height=\"50px\" alt=\"Twitter icon\"\/>\n<p>Twitter<\/p>\n<\/a>\n<a href=\"https:\/\/www.youtube.com\/user\/MIDISRIGHTS\" target=\"_blank\" rel=\"noopener\">\n    <img decoding=\"async\" src=\"https:\/\/mymdrc.org\/wp-content\/uploads\/2021\/11\/Group-3-Copy.png\" width=\"65px\" height=\"50px\" alt=\"YouTube icon\"\/>\n<p>Youtube<\/p>\n<\/a>\n<a href=\"https:\/\/vm.tiktok.com\/ZMdvdCFRf\/\" target=\"_blank\" rel=\"noopener\">\n    <img decoding=\"async\" src=\"https:\/\/mymdrc.org\/wp-content\/uploads\/2021\/11\/tik-tok-copy.png\" width=\"43px\" height=\"50px\" alt=\"TikTok icon\"\/>\n<p>Tik Tok<\/p>\n<\/a>\n<a href=\"https:\/\/www.instagram.com\/my_mdrc\/\" target=\"_blank\" rel=\"noopener\">\n    <img decoding=\"async\" src=\"https:\/\/mymdrc.org\/wp-content\/uploads\/2021\/11\/glyph-logo_May2016-Copy.png\" width=\"50px\" height=\"50px\" alt=\"Instagram icon\"\/>\n<p>Instagram<\/p>\n<\/a>\n<h3>\n\t\tSuscr\u00edbase a nuestra Lista de Correo Electr\u00f3nico\n\t<\/h3>\n\t<div class=\"frm_forms  with_frm_style frm_style_formidable-style\" id=\"frm_form_2_container\" data-token=\"d8b5a1a095cb53a4602652b23192c2dc\">\n<form enctype=\"multipart\/form-data\" method=\"post\" class=\"frm-show-form  frm_pro_form \" id=\"form_emailsign-up\" data-token=\"d8b5a1a095cb53a4602652b23192c2dc\">\n<div class=\"frm_form_fields \">\n<fieldset>\n<legend class=\"frm_screen_reader\">Registro de correo electr\u00f3nico<\/legend>\r\n\r\n<div class=\"frm_fields_container\">\n<input type=\"hidden\" name=\"frm_action\" value=\"create\" \/>\n<input type=\"hidden\" name=\"form_id\" value=\"2\" \/>\n<input type=\"hidden\" name=\"frm_hide_fields_2\" id=\"frm_hide_fields_2\" value=\"\" \/>\n<input type=\"hidden\" name=\"form_key\" value=\"emailsign-up\" \/>\n<input type=\"hidden\" name=\"item_meta[0]\" value=\"\" \/>\n<input type=\"hidden\" id=\"frm_submit_entry_2\" name=\"frm_submit_entry_2\" value=\"e6675db0f6\" \/><input type=\"hidden\" name=\"_wp_http_referer\" value=\"\/es\/wp-json\/wp\/v2\/pages\/3676\" \/><div id=\"frm_field_6_container\" class=\"frm_form_field form-field  frm_none_container\">\r\n    <label for=\"field_ljfwk\" id=\"field_ljfwk_label\" class=\"frm_primary_label\">Direcci\u00f3n de Correo Electr\u00f3nico\r\n        <span class=\"frm_required\" aria-hidden=\"true\"><\/span>\r\n    <\/label>\r\n    <input type=\"email\" id=\"field_ljfwk\" name=\"item_meta[6]\" value=\"\"  placeholder=\"Direcci\u00f3n de correo electr\u00f3nico\" data-invmsg=\"Email is invalid\" aria-invalid=\"false\"  \/>\r\n    \r\n    \r\n<\/div>\n<div id=\"frm_field_33_container\" class=\"frm_form_field form-field \">\n\t<div class=\"frm_submit\">\r\n\r\n<button class=\"frm_button_submit frm_final_submit primary-button\" type=\"submit\"   formnovalidate=\"formnovalidate\">Subscribe<\/button>\r\n\r\n<\/div>\n<\/div>\n\t<input type=\"hidden\" name=\"item_key\" value=\"\" \/>\n\t\t\t<div id=\"frm_field_34_container\">\n\t\t\t<label for=\"field_1eq8\" >\n\t\t\t\tSi eres humano, deja este campo en blanco.\t\t\t<\/label>\n\t\t\t<input  id=\"field_1eq8\" type=\"text\" class=\"frm_form_field form-field frm_verify\" name=\"item_meta[34]\" value=\"\"  \/>\n\t\t<\/div>\n\t\t<input name=\"frm_state\" type=\"hidden\" value=\"x2tMpLp5ndfolR14cJuFl1LXDALNGwtYTpP9fBx1JxRTsqY++z2wK3Gbh942QEhi\" \/><\/div>\n<\/fieldset>\n<\/div>\n\n<p style=\"display: none !important;\" class=\"akismet-fields-container\" data-prefix=\"ak_\"><label>&#916;<textarea name=\"ak_hp_textarea\" cols=\"45\" rows=\"8\" maxlength=\"100\"><\/textarea><\/label><input type=\"hidden\" id=\"ak_js_1\" name=\"ak_js\" value=\"147\"\/><script>\ndocument.getElementById( \"ak_js_1\" ).setAttribute( \"value\", ( new Date() ).getTime() );\n<\/script>\n<\/p><\/form>\n<\/div>\n\n\n","protected":false},"excerpt":{"rendered":"<p>Publicaciones de blog Filtrar publicaciones: Ordenar por: Restablecer filtros \u00faltimas publicaciones Con\u00e9ctase Con Nosotros Facebook Twitter Youtube Tik Tok Instagram Suscr\u00edbase a nuestra Lista de Correo Electr\u00f3nico<\/p>\n","protected":false},"author":1,"featured_media":0,"parent":0,"menu_order":0,"comment_status":"closed","ping_status":"closed","template":"","meta":{"_acf_changed":false,"inline_featured_image":false,"footnotes":""},"class_list":["post-3676","page","type-page","status-publish","hentry"],"acf":[],"featured_image_src":null,"featured_image_src_square":null,"_links":{"self":[{"href":"https:\/\/mymdrc.org\/es\/wp-json\/wp\/v2\/pages\/3676","targetHints":{"allow":["GET"]}}],"collection":[{"href":"https:\/\/mymdrc.org\/es\/wp-json\/wp\/v2\/pages"}],"about":[{"href":"https:\/\/mymdrc.org\/es\/wp-json\/wp\/v2\/types\/page"}],"author":[{"embeddable":true,"href":"https:\/\/mymdrc.org\/es\/wp-json\/wp\/v2\/users\/1"}],"replies":[{"embeddable":true,"href":"https:\/\/mymdrc.org\/es\/wp-json\/wp\/v2\/comments?post=3676"}],"version-history":[{"count":0,"href":"https:\/\/mymdrc.org\/es\/wp-json\/wp\/v2\/pages\/3676\/revisions"}],"wp:attachment":[{"href":"https:\/\/mymdrc.org\/es\/wp-json\/wp\/v2\/media?parent=3676"}],"curies":[{"name":"wp","href":"https:\/\/api.w.org\/{rel}","templated":true}]}}